{"id":2290,"date":"2024-02-09T19:42:57","date_gmt":"2024-02-09T16:42:57","guid":{"rendered":"https:\/\/drgokhansert.com\/eng\/?page_id=2290"},"modified":"2024-02-09T19:42:57","modified_gmt":"2024-02-09T16:42:57","slug":"scientific-meetings","status":"publish","type":"page","link":"https:\/\/drgokhansert.com\/eng\/scientific-meetings\/","title":{"rendered":"Scientific Meetings"},"content":{"rendered":"<h3><strong>Scientific Meetings<\/strong><\/h3>\n<p><strong>1-<\/strong> PR\u0130MER DUDAK DAMAK YARIKLI HASTALARDA E\u015eL\u0130K EDEN ANOMAL\u0130LER VE BU DE\u011e\u0130\u015eKENLER\u0130N OPERASYON YA\u015eI VE ERKEN D\u00d6NEM POSTOPERAT\u0130F KOMPL\u0130KASYONLARLA \u0130L\u0130\u015eK\u0130S\u0130, Erek Nur, SERT G\u00d6KHAN, \u00d6ZG\u00dcR FATMA F\u0130GEN (2022). 8. Uluslararas\u0131 Dudak Damak Yar\u0131klar\u0131 Derne\u011fi Kongresi<\/p>\n<p><strong>2- <\/strong>Vascularized Lymph Node Transfer and Liposuction in Surgical Treatment of Lymphedema, SERT G\u00d6KHAN (2023). 12th Congress of The World Society for Reconstructive Microsurgery, Singapore<\/p>\n<p><strong>3- <\/strong>Photobiomodulation with polychromatic light (600-1200 nm) improves fat graft survival by increasing adipocyte viability, neovascularization, and reducing inflammation in a rat model, SERT G\u00d6KHAN, K\u00dc\u00c7\u00dcKG\u00dcVEN ARDA, BAHADOR ZIRH ELHAM, DEM\u0130RTA\u015e TU\u011eRUL TOLGA, \u00c7AKAR AY\u015eE NUR, G\u00dcM\u00dc\u015eDEREL\u0130O\u011eLU MENEM\u015eE, \u00c7ALI\u015e MERT (2022). 32nd European Association of Plastic Surgeons (EURAPS) Annual Meeting<\/p>\n<p><strong>4- <\/strong>Determining the difficulties in nutrition of babies with cleft lip and palate and development of solution proposals , \u00c7INAR \u00d6ZBAY SEV\u0130L, BOZTEPE HANDAN, Kara Murat, Calis Mert, KULAK KAYIKCI MAV\u0130\u015e EMEL, Ac\u0131m\u0131\u015f Burcu, \u0130NCEBAY \u00d6NAL, ESEN AYDINLI FATMA, \u00d6ZG\u00dcR FATMA F\u0130GEN, SERT G\u00d6KHAN (2019). European Cleft Palate Craniofacial Association Congress 2019 (ECPCA 2019)<\/p>\n<p><strong>5- <\/strong>SPY Teknolojisi: Hacettepe tecr\u00fcbeleri\/ Our Clinical Experiences with SPY Technology, SERT G\u00d6KHAN, UZUN HAKAN, MENK\u00dc FETH\u0130YE DAMLA, AKSU AL\u0130 EMRE (2019). Uluslararas\u0131 \u0130\u015f Kazalar\u0131, El Yaralanmalar\u0131 ve Uzuv Kopmalar\u0131 Kongresi<\/p>\n<p><strong>6- <\/strong>Phototherapy increases zone 4 survival in experiemental rat tram flap model, SERT G\u00d6KHAN, \u00c7ALI\u015e MERT, \u00d6ZG\u00dcR FATMA F\u0130GEN, G\u00dcM\u00dc\u015eDEREL\u0130O\u011eLU MENEM\u015eE, \u00c7AKAR AY\u015eE NUR (2018). 7th EURAPS Research Council Meeting<\/p>\n<p><strong>7- <\/strong>Humerus Reconstruction With Free Osteocutaneous Fibula Flap, SERT G\u00d6KHAN, UZUN HAKAN, \u00c7A\u011eLAR \u00d6M\u00dcR, AKSU AL\u0130 EMRE (2018). The 4th Congress of Asian Pacific Federation of Societies for Reconstructive Microsurgery<\/p>\n<p><strong>8- <\/strong>REVASCULARIZATION OF THE LOWER EXTREMITY WITH FLOW THROUGH RADIAL FOREARM FREE FLAP, SERT G\u00d6KHAN, UZUN HAKAN, AKSU AL\u0130 EMRE (2018). The 4th Congress of Asian Pacific Federation of Societies for Reconstructive Microsurgery<\/p>\n<p><strong>9- <\/strong>Microvascular Tissue Transfers for Maxillary and Anterior Cranial Base Reconstruction, UZUN HAKAN, B\u0130T\u0130K OZAN, AHMET HAMD\u0130 SAKARYA, AKS\u00d6YLER D\u0130CLE YA\u015eAR, \u00dcST\u00dcN GAL\u0130P GENCAY, KARA MURAT, SERT G\u00d6KHAN, AKSU AL\u0130 EMRE (2016). 13th Congress of the European Federation of Societies for Microsurgery<\/p>\n<p><strong>10- <\/strong>\u0130\u015e KAZASI SONUCU EL YARALANMASI \u0130LE BA\u015eVURAN HASTALARIN DEMOGRAF\u0130K VER\u0130LER\u0130N\u0130N VE KL\u0130N\u0130K BULGULARININ \u0130NCELENMES\u0130, K\u00fc\u00e7\u00fck Kutluhan Yusuf, \u00dcST\u00dcN GAL\u0130P GENCAY, SERT G\u00d6KHAN, KARA MURAT, UZUN HAKAN (2022). T\u00fcrk Plastik Rekonstr\u00fcktif ve Estetik Cerrahi Derne\u011fi 44. Ulusal Kurultay\u0131<\/p>\n<p><strong>11- <\/strong>PROXIMAL UPPER EXTREMITY REPLANTATION AND POSTOPERATIVE MANAGEMENT IN PEDIATRIC PATIENTS ANALYSIS OF TWO CASES, UZUN HAKAN, MENK\u00dc FETH\u0130YE DAMLA, \u00dcST\u00dcN GAL\u0130P GENCAY, SERT G\u00d6KHAN, \u00d6z Zeynep, \u00d6ZCAN \u0130BRAH\u0130M UTKU, Avazzade Elmeddin, B\u0130T\u0130K OZAN, AKSU AL\u0130 EMRE (2016). 15. Ulusal T\u00fcrk El ve \u00dcst Ekstremite Cerrahisi Kongresi<\/p>\n<p><strong>12-<\/strong> Perforat\u00f6r Flep Dizayn\u0131 ve Postoperatif Takibinde Infrared Termografinin Kullan\u0131m\u0131, SERT G\u00d6KHAN, SAD\u0130O\u011eLU AL\u0130, Ko\u00e7er U\u011fur (2021). T\u00fcrk Plastik Rekonstr\u00fcktif ve Estetik Cerrahi Derne\u011fi 43. Ulusal Kurultay\u0131<\/p>\n<p><strong>13-<\/strong> Median sinirin karpal t\u00fcnelde dekompresyonu sonras\u0131nda kar\u015f\u0131la\u015f\u0131lan sorunlar, \u00c7IRAK ALAZ, SERT G\u00d6KHAN, \u00dcST\u00dcN GAL\u0130P GENCAY (2023). 18. Ulusal El ve \u00dcst Ekstremite Cerrahisi Kongresi<\/p>\n<p><strong>14-<\/strong> Y\u00fcksek Seviyeli Pediatrik Replantasyonun Uzun D\u00f6nemde Cerrahi Y\u00f6netimi, MENK\u00dc FETH\u0130YE DAMLA, UZUN HAKAN, SERT G\u00d6KHAN, SAKARYA AHMET HAMD\u0130, AKSU AL\u0130 EMRE (2019). T\u00fcrk Plastik Rekonstr\u00fcktif ve Estetik Cerrahi Derne\u011fi 41. Ulusal Kurultay\u0131<\/p>\n<p><strong>15-<\/strong> Konjenital Tibia Ps\u00f6doartrozunun Serbest Fibula Flebi ile Tedavisi, SERT G\u00d6KHAN, UZUN HAKAN, AKSU AL\u0130 EMRE (2018). T\u00fcrk Plastik Rekonstr\u00fcktif ve Estetik Cerrahi Derne\u011fi 40. Ulusal Kurultay\u0131<\/p>\n<p><strong>16-<\/strong> Geriatrik Hastalarda Rekonstr\u00fcktif Mikrocerrahi Deneyimlerimiz, \u00dcST\u00dcN GAL\u0130P GENCAY, B\u0130T\u0130K OZAN, KARA MURAT, AHMET HAMD\u0130 SAKARYA, SERT G\u00d6KHAN, AKSU AL\u0130 EMRE (2014). T\u00fcrk Plastik Rekonstr\u00fcktif ve Estetik Cerrahi Derne\u011fi 36. Ulusal Kurultay\u0131<\/p>\n<p><strong>17- <\/strong>Sert G, \u00c7al\u0131\u015f M, \u00d6zt\u00fcrk M, G\u00fcnayd\u0131n R\u00d6, Kay\u0131k\u00e7\u0131 MEK, \u00d6zg\u00fcr F. Faringeal flep ayr\u0131lmas\u0131 yap\u0131lan hastalarda konu\u015fma sonu\u00e7lar\u0131. T\u00fcrk Plastik Rekonstr\u00fcktif ve Estetik Cerrahi Derne\u011fi 38. Ulusal Kurultay\u0131, Antalya, Ekim 2016.<\/p>\n<p><strong>18- <\/strong>Uzun H, Menk\u00fc FD, \u00dcst\u00fcn GG, Sert G, \u00d6z Z, \u00d6zcan U, Avazzade E, Bitik O, Aksu AE. Proximal upper extremity replantation and postoperative management in pediatric patients\u2019 analysis of two cases. 15. Ulusal T\u00fcrk El ve \u00dcst Ekstremite Cerrahisi Kongresi, Fethiye, T\u00fcrkiye, May\u0131s 2016.<\/p>\n<p><strong>19- <\/strong>Sert G, Uzun H, Aksu AE. Mikrocerrahi Tecr\u00fcbelerimiz ve Serbest Flep Cerrahisinde Spy Teknolojisinin Kullan\u0131lmas\u0131. 8. Ulusal T\u00fcrk Rekonstr\u00fcktif Mikrocerrahi Derne\u011fi Kongresi, Antalya, T\u00fcrkiye May\u0131s 2018.<\/p>\n<p><strong>20- <\/strong>Sert G, \u00c7al\u0131\u015f M, Demirta\u015f TT, Irmak G, G\u00fcm\u00fc\u015fderelio\u011flu M, T\u00fcrkkan\u0131 A, \u00d6zg\u00fcr F. Polikromatik I\u015f\u0131k Uygulamas\u0131 ile Fotobiyomod\u00fclasyonun, Transvers Rektus Abdominis Kas-Deri Flebinin Zon 4 Ya\u015famsall\u0131\u011f\u0131na Etkisi. T\u00fcrk Plastik Rekonstr\u00fcktif ve Estetik Cerrahi Derne\u011fi 40. Ulusal Kurultay\u0131, Antalya, Ekim 2018.<\/p>\n<p><strong>21- <\/strong>Sert G, Uzun H, Aksu AE. Konjenital Tibia Ps\u00f6doartrozunun Serbest Fibula Flebi ile Tedavisi. T\u00fcrk Plastik Rekonstr\u00fcktif ve Estetik Cerrahi Derne\u011fi 40. Ulusal Kurultay\u0131, Antalya, Ekim 2018.<\/p>\n<p><strong>22- <\/strong>Sert G, \u00c7al\u0131\u015f M, S\u00fcsl\u00fc AE, \u00d6zg\u00fcr F. Damak Yar\u0131\u011f\u0131 Onar\u0131m\u0131nda Vomer Flebi Kullan\u0131lmas\u0131n\u0131n Obstr\u00fcktif Uyku Apnesi \u0130nsidans\u0131na Etkisi. T\u00fcrk Plastik Rekonstr\u00fcktif ve Estetik Cerrahi Derne\u011fi 41. Ulusal Kurultay\u0131, Samsun, Ekim 2019.<\/p>\n<p><strong>23- <\/strong>K\u00fc\u00e7\u00fckg\u00fcven A, Uzun H, Menk\u00fc FD, Sert G, Aksu AE. Retrakte Fleks\u00f6r Tendonlara Endoskopik Yakla\u015f\u0131m: Atravmatik Teknik. T\u00fcrk Plastik Rekonstr\u00fcktif ve Estetik Cerrahi Derne\u011fi 41. Ulusal Kurultay\u0131, Samsun, Ekim 2019.<\/p>\n<p><strong>24- <\/strong>\u00d6zdemir FDM, Uzun H, Sert G, Sakarya AH, Aksu AE. Y\u00fcksek Seviyeli Pediatrik Replantasyonun Uzun D\u00f6nemde Cerrahi Y\u00f6netimi. T\u00fcrk Plastik Rekonstr\u00fcktif ve Estetik Cerrahi Derne\u011fi 41. Ulusal Kurultay\u0131, Samsun, Ekim 2019.<\/p>\n<p><strong>25- <\/strong>Sakarya AH, Sert G, \u00d6zg\u00fcr F. Accompanying anomalies and syndromes in cleft lip &amp; palate patients at Hacettepe University in last 5 years. Turkish Cleft Lip and Palate Society 1st International Congress Kapadokya, Turkey, November 2014<\/p>\n<p><strong>26-<\/strong> Sakarya AH, Sert G, \u00d6zg\u00fcr F. Our experiences of matriderm use in wide cleft palate patients. Turkish Cleft Lip and Palate Society 1st International Congress Kapadokya, Turkey, November 2014<\/p>\n<p><strong>27-<\/strong> Sert G, Bitik O, Vargel I. Minimally invasive cortical bone collector: A new tool in rhinoplasty. The Rhinoplasty Society Annual Meeting, New Orleans, ABD, May 2019<\/p>\n<p><strong>28-<\/strong> Sert G, Uzun H, Menku D, Aksu AE. Our clinical experiences with SPY technology. International Congress on Occupational Accidents, Hand Injuries and Amputations. \u0130stanbul, Turkey, April 2019.<\/p>\n<p><strong>29-<\/strong> Sert G, Cinar S, Boztepe H, Kara M, Calis M, Kayikci MEK, Acimis B, Incebay O, Ayd\u0131nl\u0131 FE, Ozgur F. Determining the difficulties in nutrition of babies with cleft lip and palate and development of solution proposals. European Cleft Palate Craniofacial Association Congress, Utrecht, Netherlands, June 2019<\/p>\n<p><strong>30-<\/strong> Sert G, Calis M, Ozgur FF, Gumusderelioglu M, Cakar AN. Phototherapy increases zone 4 survival in experimental rat tram flap model. 7th EURAPS Research Council, Madrid, Spain May 2018.<\/p>\n<p><strong>31-<\/strong> Sert G, Uzun H, Aksu AE. Foot Reconstruction with Osteocutaneous Free Fibula Flap-Video Session 4th Congress of Asian Pacific Federation of Societies for Reconstructive Microsurgery, Antalya, Turkey, May 2018<\/p>\n<p><strong>32-<\/strong> Sert G, Uzun H. Revascularization of the lower extremity with flow through radial forearm free flap. 4th Congress of Asian Pacific Federation of Societies for Reconstructive Microsurgery, Antalya, Turkey, May 2018<\/p>\n<p><strong>33-<\/strong> Sert G, Uzun H, Aksu AE. Humerus Reconstruction with Free Osteocutaneous Fibula Flap. 4th Congress of Asian Pacific Federation of Societies for Reconstructive Microsurgery, Antalya, Turkey, May 2018<\/p>\n<p><strong>34-<\/strong> Sert G. Alveolar yar\u0131k tedavisinde g\u00fcncel yakla\u015f\u0131mlar ve k\u0131s\u0131tlamalar. 5th International Congress of Lip Cleft and Palate, Baku, Azerbaijan, October 2018<\/p>\n","protected":false},"excerpt":{"rendered":"<p>Scientific Meetings 1- PR\u0130MER DUDAK DAMAK YARIKLI HASTALARDA E\u015eL\u0130K EDEN ANOMAL\u0130LER VE BU DE\u011e\u0130\u015eKENLER\u0130N OPERASYON YA\u015eI VE ERKEN D\u00d6NEM POSTOPERAT\u0130F KOMPL\u0130KASYONLARLA \u0130L\u0130\u015eK\u0130S\u0130, Erek Nur, SERT G\u00d6KHAN, \u00d6ZG\u00dcR FATMA F\u0130GEN (2022). 8. Uluslararas\u0131 Dudak Damak Yar\u0131klar\u0131 Derne\u011fi Kongresi 2- Vascularized Lymph Node Transfer and Liposuction in Surgical Treatment of Lymphedema, SERT G\u00d6KHAN (2023). 12th Congress of [&hellip;]<\/p>\n","protected":false},"author":1,"featured_media":0,"parent":0,"menu_order":0,"comment_status":"closed","ping_status":"closed","template":"","meta":{"_joinchat":[],"footnotes":""},"class_list":["post-2290","page","type-page","status-publish","hentry"],"_links":{"self":[{"href":"https:\/\/drgokhansert.com\/eng\/wp-json\/wp\/v2\/pages\/2290","targetHints":{"allow":["GET"]}}],"collection":[{"href":"https:\/\/drgokhansert.com\/eng\/wp-json\/wp\/v2\/pages"}],"about":[{"href":"https:\/\/drgokhansert.com\/eng\/wp-json\/wp\/v2\/types\/page"}],"author":[{"embeddable":true,"href":"https:\/\/drgokhansert.com\/eng\/wp-json\/wp\/v2\/users\/1"}],"replies":[{"embeddable":true,"href":"https:\/\/drgokhansert.com\/eng\/wp-json\/wp\/v2\/comments?post=2290"}],"version-history":[{"count":0,"href":"https:\/\/drgokhansert.com\/eng\/wp-json\/wp\/v2\/pages\/2290\/revisions"}],"wp:attachment":[{"href":"https:\/\/drgokhansert.com\/eng\/wp-json\/wp\/v2\/media?parent=2290"}],"curies":[{"name":"wp","href":"https:\/\/api.w.org\/{rel}","templated":true}]}}